{"id":51035,"date":"2024-07-31T09:53:01","date_gmt":"2024-07-31T07:53:01","guid":{"rendered":"https:\/\/moonwool.de\/?page_id=51035"},"modified":"2026-04-10T14:45:44","modified_gmt":"2026-04-10T12:45:44","slug":"privacidad","status":"publish","type":"page","link":"https:\/\/moonwool.de\/es\/privacidad\/","title":{"rendered":"Protecci\u00f3n de datos"},"content":{"rendered":"<div data-elementor-type=\"wp-page\" data-elementor-id=\"51035\" class=\"elementor elementor-51035\">\n\t\t\t\t\t\t<section class=\"elementor-section elementor-top-section elementor-element elementor-element-482ac7a elementor-section-boxed elementor-section-height-default elementor-section-height-default sc_fly_static\" data-id=\"482ac7a\" data-element_type=\"section\" data-e-type=\"section\">\n\t\t\t\t\t\t<div class=\"elementor-container elementor-column-gap-extended\">\n\t\t\t\t\t<div class=\"elementor-column elementor-col-100 elementor-top-column elementor-element elementor-element-3d75d12c sc_content_align_inherit sc_layouts_column_icons_position_left sc_fly_static\" data-id=\"3d75d12c\" data-element_type=\"column\" data-e-type=\"column\">\n\t\t\t<div class=\"elementor-widget-wrap elementor-element-populated\">\n\t\t\t\t\t\t<div class=\"elementor-element elementor-element-52283de elementor-widget__width-initial sc_fly_static elementor-widget elementor-widget-text-editor\" data-id=\"52283de\" data-element_type=\"widget\" data-e-type=\"widget\" data-widget_type=\"text-editor.default\">\n\t\t\t\t\t\t\t\t\t<h2 class=\"wp-block-heading\">&nbsp;<\/h2>\n<p><!-- \/wp:paragraph --><\/p>\n<p><!-- Start CookieYes cookie policy --><\/p>\n<p><style>\n  a.cky-banner-element {<br \/>    padding: 8px 30px;<br \/>    background: #f8f9fa;<br \/>    color: #858a8f;<br \/>    border: 1px solid #dee2e6;<br \/>    box-sizing: border-box;<br \/>    border-radius: 2px;<br \/>    cursor: pointer<br \/>  }<br \/><\/style>\n<\/p>\n<h1 class=\"cookie-policy-h1\">Pol\u00edtica de cookies<\/h1>\n<div class=\"cookie-policy-date-container\">\n<p>Fecha de entrada en vigor: 11 de septiembre de 2025<\/p>\n<p>\u00daltima actualizaci\u00f3n: 11 de septiembre de 2025<\/p>\n<\/div>\n<h2>\u00bfQu\u00e9 son las cookies?<\/h2>\n<div class=\"cookie-policy-p\">\n<p>Esta pol\u00edtica de cookies explica qu\u00e9 son las cookies, c\u00f3mo las usamos, qu\u00e9 tipos de cookies utilizamos (es decir, qu\u00e9 informaci\u00f3n recopilamos mediante cookies y c\u00f3mo se utiliza esta informaci\u00f3n) y c\u00f3mo puede gestionar la configuraci\u00f3n de sus cookies.<\/p>\n<p>Las cookies son peque\u00f1os archivos de texto que sirven para almacenar peque\u00f1as informaciones. Se guardan en su dispositivo cuando se carga un sitio web en su navegador. Estas cookies ayudan a que el sitio web funcione correctamente, aumentan la seguridad, mejoran la usabilidad y analizan el rendimiento para determinar qu\u00e9 funciona y d\u00f3nde se requieren mejoras.<\/p>\n<\/div>\n<h2>\u00bfC\u00f3mo usamos las cookies?<\/h2>\n<div class=\"cookie-policy-p\">\n<p>Al igual que la mayor\u00eda de los servicios en l\u00ednea, nuestro sitio web utiliza cookies de origen y de terceros para diversos fines. Las cookies de origen son principalmente necesarias para el correcto funcionamiento del sitio web y no recopilan datos personales.<\/p>\n<p>Las cookies de terceros utilizadas en nuestro sitio web nos ayudan principalmente a comprender c\u00f3mo funciona el sitio, a rastrear c\u00f3mo interact\u00faa con \u00e9l, a mantener nuestros servicios seguros, a ofrecer publicidad relevante y a mejorar su experiencia general como usuario, mientras aumentamos la velocidad de sus futuras interacciones con nuestro sitio web.<\/p>\n<\/div>\n<h2>Tipos de cookies que utilizamos<\/h2>\n<div class=\"cky-audit-table-element\">&nbsp;<\/div>\n<p><\/p>\n<h2 style=\"margin-bottom: 20px;\">Gestionar la configuraci\u00f3n de cookies<\/h2>\n<p><a class=\"cky-banner-element\">Configuraci\u00f3n de consentimiento<\/a><\/p>\n<div>\n<p>Puede cambiar su configuraci\u00f3n de cookies en cualquier momento haciendo clic en el bot\u00f3n \"Configuraci\u00f3n de consentimiento\" en la parte superior. De esta manera, puede volver a abrir el banner de consentimiento de cookies y actualizar sus ajustes o retirar su consentimiento de inmediato.<\/p>\n<p>Adem\u00e1s, diferentes navegadores ofrecen distintos m\u00e9todos para bloquear y eliminar las cookies utilizadas por los sitios web. Puede ajustar la configuraci\u00f3n de su navegador para bloquear o eliminar cookies. A continuaci\u00f3n, encontrar\u00e1 enlaces a documentos de soporte sobre c\u00f3mo administrar y eliminar cookies en los principales navegadores web.<\/p>\n<p>Cromo: <a href=\"https:\/\/support.google.com\/accounts\/answer\/32050\" target=\"_blank\" rel=\"noopener noreferrer\">https:\/\/support.google.com\/accounts\/answer\/32050<\/a><\/p>\n<p>Safari: <a href=\"https:\/\/support.apple.com\/en-in\/guide\/safari\/sfri11471\/mac\" target=\"_blank\" rel=\"noopener noreferrer\">https:\/\/support.apple.com\/en-in\/guide\/safari\/sfri11471\/mac<\/a><\/p>\n<p>Firefox: <a href=\"https:\/\/support.mozilla.org\/en-US\/kb\/clear-cookies-and-site-data-firefox?redirectslug=delete-cookies-remove-info-websites-stored&amp;redirectlocale=en-US\" target=\"_blank\" rel=\"noopener noreferrer\">https:\/\/support.mozilla.org\/en-US\/kb\/clear-cookies-and-site-data-firefox?redirectslug=delete-cookies-remove-info-websites-stored&amp;redirectlocale=en-US<\/a><\/p>\n<p>Internet Explorer: <a href=\"https:\/\/support.microsoft.com\/en-us\/topic\/how-to-delete-cookie-files-in-internet-explorer-bca9446f-d873-78de-77ba-d42645fa52fc\" target=\"_blank\" rel=\"noopener noreferrer\">https:\/\/support.microsoft.com\/en-us\/topic\/how-to-delete-cookie-files-in-internet-explorer-bca9446f-d873-78de-77ba-d42645fa52fc<\/a><\/p>\n<p>Si utiliza otro navegador web, consulte la documentaci\u00f3n oficial de soporte del mismo.<\/p><\/div>\n<p><!-- \/wp:paragraph --><\/p>\n<p><\/p>\t\t\t\t\t\t\t\t<\/div>\n\t\t\t\t\t<\/div>\n\t\t<\/div>\n\t\t\t\t\t<\/div>\n\t\t<\/section>\n\t\t\t\t<\/div>","protected":false},"excerpt":{"rendered":"<p>&nbsp; Cookie-Richtlinie Datum des Inkrafttretens: September 11, 2025 Letzte Aktualisierung: September 11, 2025 Was sind Cookies? In dieser Cookie-Richtlinie wird erkl\u00e4rt, was Cookies sind, wie wir sie verwenden, welche Arten&hellip;<\/p>","protected":false},"author":1,"featured_media":0,"parent":0,"menu_order":0,"comment_status":"closed","ping_status":"closed","template":"","meta":{"footnotes":""},"class_list":["post-51035","page","type-page","status-publish","hentry"],"_links":{"self":[{"href":"https:\/\/moonwool.de\/es\/wp-json\/wp\/v2\/pages\/51035","targetHints":{"allow":["GET"]}}],"collection":[{"href":"https:\/\/moonwool.de\/es\/wp-json\/wp\/v2\/pages"}],"about":[{"href":"https:\/\/moonwool.de\/es\/wp-json\/wp\/v2\/types\/page"}],"author":[{"embeddable":true,"href":"https:\/\/moonwool.de\/es\/wp-json\/wp\/v2\/users\/1"}],"replies":[{"embeddable":true,"href":"https:\/\/moonwool.de\/es\/wp-json\/wp\/v2\/comments?post=51035"}],"version-history":[{"count":1,"href":"https:\/\/moonwool.de\/es\/wp-json\/wp\/v2\/pages\/51035\/revisions"}],"predecessor-version":[{"id":84379,"href":"https:\/\/moonwool.de\/es\/wp-json\/wp\/v2\/pages\/51035\/revisions\/84379"}],"wp:attachment":[{"href":"https:\/\/moonwool.de\/es\/wp-json\/wp\/v2\/media?parent=51035"}],"curies":[{"name":"wp","href":"https:\/\/api.w.org\/{rel}","templated":true}]}}