{"id":46922,"date":"2020-05-12T10:04:44","date_gmt":"2020-05-12T10:04:44","guid":{"rendered":"https:\/\/moonwool.de\/?post_type=product&#038;p=46922"},"modified":"2026-04-10T13:35:26","modified_gmt":"2026-04-10T11:35:26","slug":"yarnart-flowers-moonlight","status":"publish","type":"product","link":"https:\/\/moonwool.de\/fr\/boutique\/produit\/yarnart-flowers-moonlight\/","title":{"rendered":"YarnArt Flowers Moonlight"},"content":{"rendered":"<h2 style=\"font-size: 30px; line-height: 1.25; margin: 12px 0 10px; font-weight: bold;\"><strong>YarnArt Flowers Moonlight \u2013 260g \/ 1000m \u2013 53% Coton, 43% Acrylique, 4% Polyester m\u00e9tallis\u00e9<\/strong><\/h2>\n<h3 style=\"font-size: 25px; line-height: 1.25; margin: 16px 0 8px; font-weight: bold;\"><strong>Description du produit<\/strong><\/h3>\n<p class=\"translation-block\">YarnArt Flowers Moonlight associe un d\u00e9grad\u00e9 \u00e9l\u00e9gant \u00e0 un l\u00e9ger effet scintillant, subtil et raffin\u00e9 \u2013 parfait pour des projets<br>\nqui ne sont pas seulement beaux, mais qui offrent aussi un v\u00e9ritable effet \u00ab wow \u00bb.<br>\nLe fil scintillant apporte une finition chic, sans jamais \u00eatre trop voyant.<\/p>\n<p class=\"translation-block\">La composition en <strong>53% coton<\/strong>, <strong>43% acrylique<\/strong> et <strong>4% polyester m\u00e9tallis\u00e9<\/strong><br>\nrend le fil agr\u00e9able \u00e0 porter, l\u00e9ger et en m\u00eame temps bien stable. Avec <strong>1000 m de longueur<\/strong>, Moonlight est id\u00e9al<br>\npour de grands ch\u00e2les, des \u00e9charpes et des accessoires statement \u2013 souvent, une seule pelote suffit pour r\u00e9aliser un projet complet.<\/p>\n<h3 style=\"font-size: 25px; line-height: 1.25; margin: 16px 0 8px; font-weight: bold;\"><strong>Caract\u00e9ristiques et avantages<\/strong><\/h3>\n<ul>\n<li class=\"translation-block\"><strong>Effet scintillant discret :<\/strong> Pour un style \u00e9l\u00e9gant avec une touche de brillance raffin\u00e9e.<\/li>\n<li class=\"translation-block\"><strong>D\u00e9grad\u00e9 harmonieux :<\/strong> Des transitions douces qui rendent chaque cr\u00e9ation unique.<\/li>\n<li class=\"translation-block\"><strong>Longueur extra longue :<\/strong> 1000 m \u2013 parfaite pour les grands ch\u00e2les, \u00e9toles et \u00e9charpes.<\/li>\n<li class=\"translation-block\"><strong>Agr\u00e9able &amp; confortable \u00e0 porter :<\/strong> Le coton offre du confort, m\u00eame en contact direct avec la peau.<\/li>\n<li class=\"translation-block\"><strong>Facile d\u2019entretien &amp; bonne tenue :<\/strong> L\u2019acrylique renforce la durabilit\u00e9 et la praticit\u00e9 au quotidien.<\/li>\n<\/ul>\n<h3 style=\"font-size: 25px; line-height: 1.25; margin: 16px 0 8px; font-weight: bold;\"><strong>Parfait pour ces projets<\/strong><\/h3>\n<ul>\n<li><strong>Grands ch\u00e2les, \u00e9charpes et \u00e9toles \u00e9l\u00e9gantes<\/strong><\/li>\n<li><strong>Pi\u00e8ces estivales l\u00e9g\u00e8res avec un \u00e9clat raffin\u00e9<\/strong><\/li>\n<li><strong>Accessoires festifs &amp; id\u00e9es cadeaux originales<\/strong><\/li>\n<li><strong>Couvertures et d\u00e9co maison avec une touche glamour<\/strong><\/li>\n<li><strong>Projets au crochet o\u00f9 le d\u00e9grad\u00e9 est au centre de l\u2019attention<\/strong><\/li>\n<\/ul>\n<h3 style=\"font-size: 25px; line-height: 1.25; margin: 16px 0 8px; font-weight: bold;\"><strong>Donn\u00e9es techniques \u2013 en un coup d\u2019\u0153il<\/strong><\/h3>\n<ul>\n<li><strong>Poids:<\/strong> 260 g<\/li>\n<li><strong>Longueur de canon:<\/strong> 1000 m<\/li>\n<li><strong>Mat\u00e9riel:<\/strong> 53% Coton, 43% Acrylique, 4% Polyester m\u00e9tallis\u00e9<\/li>\n<li><strong>Type de fil :<\/strong> Fil d\u00e9grad\u00e9 avec effet scintillant<\/li>\n<li><strong>Recommand\u00e9e Aiguilles:<\/strong> 2,5 \u2013 3,5 mm (selon le projet)<\/li>\n<li><strong>Crochet recommand\u00e9 :<\/strong> 2,5 \u2013 3,5 mm (selon le projet)<\/li>\n<\/ul>\n<h3 style=\"font-size: 25px; line-height: 1.25; margin: 16px 0 8px; font-weight: bold;\"><strong>Pourquoi YarnArt Flowers Moonlight ?<\/strong><\/h3>\n<p class=\"translation-block\">Moonlight est id\u00e9al si vous aimez le d\u00e9grad\u00e9 classique de Flowers, mais souhaitez en plus une touche de brillance subtile dans le fil.<br>\nLe scintillement sublime visuellement votre projet sans alourdir le design \u2013 parfait pour des looks \u00e9l\u00e9gants, des occasions sp\u00e9ciales<br>\nou tout simplement pour celles et ceux qui aiment ajouter un peu de glamour \u00e0 leurs cr\u00e9ations.<\/p>\n<h3 style=\"font-size: 25px; line-height: 1.25; margin: 16px 0 8px; font-weight: bold;\"><strong>Utilisation &amp; conseils d\u2019entretien<\/strong><\/h3>\n<p class=\"translation-block\">Pour un r\u00e9sultat harmonieux, il est conseill\u00e9 de r\u00e9aliser un \u00e9chantillon, surtout pour les grands ch\u00e2les ou les v\u00eatements.<br>\nVeillez \u00e0 garder une tension r\u00e9guli\u00e8re afin que le d\u00e9grad\u00e9 et l\u2019effet scintillant ressortent proprement.<br>\nAstuce : Les motifs simples paraissent particuli\u00e8rement \u00e9l\u00e9gants, car le d\u00e9grad\u00e9 et la brillance restent au centre de l\u2019attention.<\/p>","protected":false},"excerpt":{"rendered":"<p>YarnArt Flowers Moonlight \u2013 260g \/ 1000m \u2013 53% Baumwolle, 43% Polyacryl, 4% Metallisches Polyester Produktbeschreibung YarnArt Flowers Moonlight verbindet einen eleganten Farbverlauf mit einem feinen, dezenten Glitzereffekt \u2013 f\u00fcr&hellip;<\/p>","protected":false},"featured_media":52688,"template":"","meta":[],"product_brand":[2069],"product_cat":[1142,2676,1166,2688,2671,2696,2682,2689],"product_tag":[],"class_list":{"0":"post-46922","1":"product","2":"type-product","3":"status-publish","4":"has-post-thumbnail","6":"product_brand-yarnart","7":"product_cat-alle-garne","8":"product_cat-baumwolle","9":"product_cat-bobbel","10":"product_cat-garngruppe","11":"product_cat-material","12":"product_cat-metallisches-polyester","13":"product_cat-polyacryl","14":"product_cat-super-fine","16":"first","17":"instock","18":"taxable","19":"shipping-taxable","20":"purchasable","21":"product-type-variable","22":"wvs-archive-product-wrapper"},"_links":{"self":[{"href":"https:\/\/moonwool.de\/fr\/wp-json\/wp\/v2\/product\/46922","targetHints":{"allow":["GET"]}}],"collection":[{"href":"https:\/\/moonwool.de\/fr\/wp-json\/wp\/v2\/product"}],"about":[{"href":"https:\/\/moonwool.de\/fr\/wp-json\/wp\/v2\/types\/product"}],"wp:featuredmedia":[{"embeddable":true,"href":"https:\/\/moonwool.de\/fr\/wp-json\/wp\/v2\/media\/52688"}],"wp:attachment":[{"href":"https:\/\/moonwool.de\/fr\/wp-json\/wp\/v2\/media?parent=46922"}],"wp:term":[{"taxonomy":"product_brand","embeddable":true,"href":"https:\/\/moonwool.de\/fr\/wp-json\/wp\/v2\/product_brand?post=46922"},{"taxonomy":"product_cat","embeddable":true,"href":"https:\/\/moonwool.de\/fr\/wp-json\/wp\/v2\/product_cat?post=46922"},{"taxonomy":"product_tag","embeddable":true,"href":"https:\/\/moonwool.de\/fr\/wp-json\/wp\/v2\/product_tag?post=46922"}],"curies":[{"name":"wp","href":"https:\/\/api.w.org\/{rel}","templated":true}]}}